{"id":16179,"date":"2023-12-30T11:34:27","date_gmt":"2023-12-30T11:34:27","guid":{"rendered":"https:\/\/viptourmontenegro.com\/?page_id=16179"},"modified":"2026-02-03T08:41:17","modified_gmt":"2026-02-03T08:41:17","slug":"highly-recommend-restaurant-21-bistor-seaview","status":"publish","type":"page","link":"https:\/\/viptourmontenegro.com\/he\/highly-recommend-restaurant-21-bistor-seaview\/","title":{"rendered":"Highly recommend restaurant 21 Bistor Seaview"},"content":{"rendered":"<p>[et_pb_section fb_built=&#8221;1&#8243; _builder_version=&#8221;4.22.1&#8243; _module_preset=&#8221;default&#8221; global_colors_info=&#8221;{}&#8221;][et_pb_row _builder_version=&#8221;4.22.1&#8243; _module_preset=&#8221;default&#8221; global_colors_info=&#8221;{}&#8221;][et_pb_column type=&#8221;4_4&#8243; _builder_version=&#8221;4.22.1&#8243; _module_preset=&#8221;default&#8221; global_colors_info=&#8221;{}&#8221;][et_pb_text _builder_version=&#8221;4.27.5&#8243; _module_preset=&#8221;default&#8221; global_colors_info=&#8221;{}&#8221;]<\/p>\n<h1>Restaurant 21 Bistro Sea View Lu\u0161tica Bay<\/h1>\n<h2>Resv +38269234567<\/h2>\n<p>[\/et_pb_text][\/et_pb_column][\/et_pb_row][et_pb_row column_structure=&#8221;2_3,1_3&#8243; _builder_version=&#8221;4.22.1&#8243; _module_preset=&#8221;default&#8221; global_colors_info=&#8221;{}&#8221;][et_pb_column type=&#8221;2_3&#8243; _builder_version=&#8221;4.22.1&#8243; _module_preset=&#8221;default&#8221; global_colors_info=&#8221;{}&#8221;][et_pb_text _builder_version=&#8221;4.27.5&#8243; _module_preset=&#8221;default&#8221; hover_enabled=&#8221;0&#8243; global_colors_info=&#8221;{}&#8221; sticky_enabled=&#8221;0&#8243;]<\/p>\n<h2>Restaurant 21 Bistro Sea View Lu\u0161tica Bay<\/h2>\n<h2>Resv +38269234567<\/h2>\n<p>The Restaurant 21 Bistro Sea View Lustica Bay is located in Lu\u0161tica Development Project what is going to be the New City on the coastal area of Montenegro . Lustica Bay or Lustica Development\u00a0 is Egyptian investment and owner, a subsidiary of Swiss-based by name of Orascom Development Holding (ODH), was founded in 2008 as a joint venture between ODH (90%) and the government of Montenegro (10%). ODH is a leading developer of integrated destinations, with over 30 years of experience in developing resort towns and creating self-sufficient and international communities.<br \/>Orascom Development Holding locations around the world are carefully selected for their exceptional beauty in order to create distinct communities with outstanding design elements and authentic experiences. Orascom Development Holding have resorts in Egypt, Oman, Morocco, the UAE, Switzerland, Montenegro, Orascom Development Holding resort developments embody vision of \u201cLife As It Should Be\u201d.<br \/>The future looks bright for Lu\u0161tica Bay. The masterplan envisages a town centre in the resort\u2019s neighbourhood of Centrale, more than 1,000 residences, over 500 private villas and townhouses, 7 hotels, 2 marinas, and a 18-hole golf course. The infrastructure will include a school and medical centre together with further expansion of Lu\u0161tica Bay\u2019s premium amenities.<\/p>\n<p>The Best restaurant 21 Bistro Sea View Lu\u0161tica Bay is located on the main pedestrian street in the see view village Lustica Bay .<\/p>\n<p>After the trip on the pedestrian street of the resort of Lu\u0161tice on the island<br \/>Highly recommend stopping for lunch or dinner at the restaurant<br \/>21 Bistor Sea View<\/p>\n<p>location of the 21 Bistro Sea View<br \/>https:\/\/maps.app.goo.gl\/UxxvLzttw8pFst1S7<\/p>\n<p>21 Bistro Sea View Lu\u0161tica Bay on Instagram<\/p>\n<p>https:\/\/instagram.com\/21bistro.lusticabay?igshid=MzRlODBiNWFlZA==<\/p>\n<p>The phone number for the purpose of booking a place rsv phone number of 21 Bistro Sea View is +38269234567<\/p>\n<p>An amazing restaurant on the edge of the sea bay and the port of Lu\u0161tice on the island<br \/>Amazing served and delicious food will make your day .<\/p>\n<p>As you do the rsv in 21 Bistro Sea View \u00a0 you can say that you are the client of Ilan&#8217;s .<\/p>\n<p>21 Bistro Sea View is the best place to be .<\/p>\n<p>Resv +38269234567<\/p>\n<p>&nbsp;<\/p>\n<p>[\/et_pb_text][\/et_pb_column][et_pb_column type=&#8221;1_3&#8243; _builder_version=&#8221;4.22.1&#8243; _module_preset=&#8221;default&#8221; global_colors_info=&#8221;{}&#8221;][et_pb_image src=&#8221;https:\/\/viptourmontenegro.com\/wp-content\/uploads\/2023\/12\/21-Urban-Bistro-02.jpg&#8221; title_text=&#8221;21 Urban Bistro 02&#8243; _builder_version=&#8221;4.22.1&#8243; _module_preset=&#8221;default&#8221; global_colors_info=&#8221;{}&#8221;][\/et_pb_image][et_pb_image src=&#8221;https:\/\/viptourmontenegro.com\/wp-content\/uploads\/2025\/11\/\u05dc\u05d5\u05d2\u05d5-VIP-TOUR-MONTENEGRO.jpeg&#8221; title_text=&#8221;\u05dc\u05d5\u05d2\u05d5 &#8211; VIP TOUR MONTENEGRO&#8221; _builder_version=&#8221;4.27.5&#8243; _module_preset=&#8221;default&#8221; hover_enabled=&#8221;0&#8243; global_colors_info=&#8221;{}&#8221; sticky_enabled=&#8221;0&#8243;][\/et_pb_image][\/et_pb_column][\/et_pb_row][et_pb_row _builder_version=&#8221;4.22.1&#8243; _module_preset=&#8221;default&#8221; global_colors_info=&#8221;{}&#8221;][et_pb_column type=&#8221;4_4&#8243; _builder_version=&#8221;4.22.1&#8243; _module_preset=&#8221;default&#8221; global_colors_info=&#8221;{}&#8221;][et_pb_text _builder_version=&#8221;4.27.5&#8243; _module_preset=&#8221;default&#8221; header_2_font=&#8221;Playfair Display|600|||||||&#8221; header_2_text_color=&#8221;#b79f00&#8243; header_2_font_size=&#8221;34px&#8221; background_color=&#8221;rgba(206,206,206,0.59)&#8221; width=&#8221;34%&#8221; module_alignment=&#8221;center&#8221; custom_margin=&#8221;||||false|true&#8221; custom_padding=&#8221;6px||6px||true|true&#8221; hover_enabled=&#8221;0&#8243; border_radii=&#8221;on|10px|10px|10px|10px&#8221; box_shadow_style=&#8221;preset3&#8243; box_shadow_color=&#8221;#6d4900&#8243; global_colors_info=&#8221;{}&#8221; sticky_enabled=&#8221;0&#8243;]<\/p>\n<h2 style=\"text-align: center;\">MEMORIES<\/h2>\n<p>[\/et_pb_text][\/et_pb_column][\/et_pb_row][et_pb_row use_custom_gutter=&#8221;on&#8221; gutter_width=&#8221;2&#8243; _builder_version=&#8221;4.22.1&#8243; _module_preset=&#8221;default&#8221; background_color=&#8221;rgba(173,173,173,0.68)&#8221; custom_padding=&#8221;|10px||10px|false|true&#8221; global_colors_info=&#8221;{}&#8221;][et_pb_column type=&#8221;4_4&#8243; _builder_version=&#8221;4.22.1&#8243; _module_preset=&#8221;default&#8221; global_colors_info=&#8221;{}&#8221;][et_pb_gallery gallery_ids=&#8221;88,33,37,16195,16196,16197,16198,16199,16200,16201,16202,16203,16204,16205,16206,16207,16208,16209,16210,16211,16212,16213,16216,16217,16218,16219,16220,16221,16222&#8243; posts_number=&#8221;12&#8243; show_title_and_caption=&#8221;off&#8221; _builder_version=&#8221;4.22.1&#8243; _module_preset=&#8221;default&#8221; box_shadow_style_image=&#8221;preset1&#8243; global_colors_info=&#8221;{}&#8221;][\/et_pb_gallery][\/et_pb_column][\/et_pb_row][\/et_pb_section][et_pb_section fb_built=&#8221;1&#8243; _builder_version=&#8221;4.22.1&#8243; _module_preset=&#8221;default&#8221; global_colors_info=&#8221;{}&#8221;][et_pb_row _builder_version=&#8221;4.22.1&#8243; _module_preset=&#8221;default&#8221; global_colors_info=&#8221;{}&#8221;][et_pb_column type=&#8221;4_4&#8243; _builder_version=&#8221;4.22.1&#8243; _module_preset=&#8221;default&#8221; global_colors_info=&#8221;{}&#8221;][et_pb_text _builder_version=&#8221;4.22.1&#8243; _module_preset=&#8221;default&#8221; header_2_font=&#8221;Playfair Display|600|||||||&#8221; header_2_text_color=&#8221;#b79f00&#8243; header_2_font_size=&#8221;34px&#8221; background_color=&#8221;rgba(206,206,206,0.59)&#8221; width=&#8221;48%&#8221; module_alignment=&#8221;center&#8221; custom_margin=&#8221;||||false|true&#8221; custom_padding=&#8221;6px||6px||true|true&#8221; border_radii=&#8221;on|10px|10px|10px|10px&#8221; box_shadow_style=&#8221;preset3&#8243; box_shadow_color=&#8221;#6d4900&#8243; locked=&#8221;off&#8221; global_colors_info=&#8221;{}&#8221;]<\/p>\n<h2 style=\"text-align: center;\">Impression &amp; Comments<\/h2>\n<p>[\/et_pb_text][et_pb_testimonial author=&#8221;Rinat Baruh &#8221; portrait_url=&#8221;data:image\/svg+xml;base64,PHN2ZyB3aWR0aD0iNTAwIiBoZWlnaHQ9IjUwMCIgdmlld0JveD0iMCAwIDUwMCA1MDAiIHhtbG5zPSJodHRwOi8vd3d3LnczLm9yZy8yMDAwL3N2ZyI+CiAgICA8ZyBmaWxsPSJub25lIiBmaWxsLXJ1bGU9ImV2ZW5vZGQiPgogICAgICAgIDxwYXRoIGZpbGw9IiNFQkVCRUIiIGQ9Ik0wIDBoNTAwdjUwMEgweiIvPgogICAgICAgIDxyZWN0IGZpbGwtb3BhY2l0eT0iLjEiIGZpbGw9IiMwMDAiIHg9IjY4IiB5PSIzMDUiIHdpZHRoPSIzNjQiIGhlaWdodD0iNTY4IiByeD0iMTgyIi8+CiAgICAgICAgPGNpcmNsZSBmaWxsLW9wYWNpdHk9Ii4xIiBmaWxsPSIjMDAwIiBjeD0iMjQ5IiBjeT0iMTcyIiByPSIxMDAiLz4KICAgIDwvZz4KPC9zdmc+Cg==&#8221; quote_icon_color=&#8221;#E09900&#8243; _builder_version=&#8221;4.27.5&#8243; _module_preset=&#8221;default&#8221; animation_style=&#8221;slide&#8221; hover_enabled=&#8221;0&#8243; global_colors_info=&#8221;{}&#8221; sticky_enabled=&#8221;0&#8243;]<\/p>\n<p>Ilan VIP Tour Montengro is the best in Montenegro , Ilan is great driver very professional fluently speaking Hebrew , English and Montenegrin he help us a lot to do our vacation absolutely amazing his attention to details . During our amazing days trips we was as well as in the Best restaurant in Lustica Bay resort because of we speak only Hebrew Ilan help us a lot in all our activities in Montenegro . We have a great time in 21 Bistro restaurant very tasty food and the portions were perfect and extremely nicely served . Highly recommended !!!<\/p>\n<p>[\/et_pb_testimonial][\/et_pb_column][\/et_pb_row][\/et_pb_section][et_pb_section fb_built=&#8221;1&#8243; _builder_version=&#8221;4.22.1&#8243; _module_preset=&#8221;default&#8221; background_image=&#8221;https:\/\/viptourmontenegro.com\/wp-content\/uploads\/2023\/09\/Private-driver-cg.jpg&#8221; locked=&#8221;off&#8221; global_colors_info=&#8221;{}&#8221;][et_pb_row _builder_version=&#8221;4.22.1&#8243; _module_preset=&#8221;default&#8221; global_colors_info=&#8221;{}&#8221;][et_pb_column type=&#8221;4_4&#8243; _builder_version=&#8221;4.22.1&#8243; _module_preset=&#8221;default&#8221; global_colors_info=&#8221;{}&#8221;][et_pb_divider show_divider=&#8221;off&#8221; _builder_version=&#8221;4.22.1&#8243; _module_preset=&#8221;default&#8221; height=&#8221;54px&#8221; global_colors_info=&#8221;{}&#8221;][\/et_pb_divider][et_pb_text _builder_version=&#8221;4.22.1&#8243; _module_preset=&#8221;default&#8221; header_3_font=&#8221;Playfair Display|600|||||||&#8221; header_3_text_align=&#8221;center&#8221; header_3_text_color=&#8221;#b2a000&#8243; header_3_font_size=&#8221;48px&#8221; global_colors_info=&#8221;{}&#8221;]<\/p>\n<h3>Your private Driver to beauty of Montenegro\u00a0<\/h3>\n<p>[\/et_pb_text][\/et_pb_column][\/et_pb_row][et_pb_row _builder_version=&#8221;4.22.1&#8243; _module_preset=&#8221;default&#8221; global_colors_info=&#8221;{}&#8221;][et_pb_column type=&#8221;4_4&#8243; _builder_version=&#8221;4.22.1&#8243; _module_preset=&#8221;default&#8221; global_colors_info=&#8221;{}&#8221;][et_pb_divider show_divider=&#8221;off&#8221; _builder_version=&#8221;4.22.1&#8243; _module_preset=&#8221;default&#8221; height=&#8221;54px&#8221; global_colors_info=&#8221;{}&#8221;][\/et_pb_divider][\/et_pb_column][\/et_pb_row][et_pb_row _builder_version=&#8221;4.22.1&#8243; _module_preset=&#8221;default&#8221; global_colors_info=&#8221;{}&#8221;][et_pb_column type=&#8221;4_4&#8243; _builder_version=&#8221;4.22.1&#8243; _module_preset=&#8221;default&#8221; global_colors_info=&#8221;{}&#8221;][et_pb_divider show_divider=&#8221;off&#8221; _builder_version=&#8221;4.22.1&#8243; _module_preset=&#8221;default&#8221; height=&#8221;54px&#8221; global_colors_info=&#8221;{}&#8221;][\/et_pb_divider][et_pb_button button_text=&#8221;Send request&#8221; button_alignment=&#8221;right&#8221; _builder_version=&#8221;4.22.1&#8243; _module_preset=&#8221;default&#8221; custom_button=&#8221;on&#8221; button_text_size=&#8221;21px&#8221; button_text_color=&#8221;#EDF000&#8243; button_bg_color=&#8221;rgba(178,178,178,0.76)&#8221; button_font=&#8221;|600|||||||&#8221; global_colors_info=&#8221;{}&#8221;][\/et_pb_button][\/et_pb_column][\/et_pb_row][et_pb_row _builder_version=&#8221;4.22.1&#8243; _module_preset=&#8221;default&#8221; global_colors_info=&#8221;{}&#8221;][et_pb_column type=&#8221;4_4&#8243; _builder_version=&#8221;4.22.1&#8243; _module_preset=&#8221;default&#8221; global_colors_info=&#8221;{}&#8221;][et_pb_divider show_divider=&#8221;off&#8221; _builder_version=&#8221;4.22.1&#8243; _module_preset=&#8221;default&#8221; height=&#8221;54px&#8221; global_colors_info=&#8221;{}&#8221;][\/et_pb_divider][\/et_pb_column][\/et_pb_row][\/et_pb_section][et_pb_section fb_built=&#8221;1&#8243; _builder_version=&#8221;4.22.1&#8243; _module_preset=&#8221;default&#8221; global_colors_info=&#8221;{}&#8221;][et_pb_row _builder_version=&#8221;4.22.1&#8243; _module_preset=&#8221;default&#8221; global_colors_info=&#8221;{}&#8221;][et_pb_column type=&#8221;4_4&#8243; _builder_version=&#8221;4.22.1&#8243; _module_preset=&#8221;default&#8221; global_colors_info=&#8221;{}&#8221;][et_pb_text _builder_version=&#8221;4.22.1&#8243; _module_preset=&#8221;default&#8221; header_2_font=&#8221;Playfair Display|600|||||||&#8221; header_2_text_color=&#8221;#b79f00&#8243; header_2_font_size=&#8221;34px&#8221; header_3_font=&#8221;Playfair Display|700|||||||&#8221; header_3_text_color=&#8221;#b79f00&#8243; header_3_font_size=&#8221;30px&#8221; background_color=&#8221;rgba(206,206,206,0.59)&#8221; width=&#8221;48%&#8221; module_alignment=&#8221;center&#8221; custom_margin=&#8221;||||false|true&#8221; custom_padding=&#8221;6px||6px||true|true&#8221; border_radii=&#8221;on|10px|10px|10px|10px&#8221; box_shadow_style=&#8221;preset3&#8243; box_shadow_color=&#8221;#6d4900&#8243; global_colors_info=&#8221;{}&#8221;]<\/p>\n<h2 style=\"text-align: center;\">Last from Montenegro Blog<\/h2>\n<p>[\/et_pb_text][\/et_pb_column][\/et_pb_row][et_pb_row _builder_version=&#8221;4.22.1&#8243; _module_preset=&#8221;default&#8221; global_colors_info=&#8221;{}&#8221;][et_pb_column type=&#8221;4_4&#8243; _builder_version=&#8221;4.22.1&#8243; _module_preset=&#8221;default&#8221; global_colors_info=&#8221;{}&#8221;][et_pb_blog fullwidth=&#8221;off&#8221; posts_number=&#8221;24&#8243; include_categories=&#8221;all&#8221; show_more=&#8221;on&#8221; show_author=&#8221;off&#8221; show_date=&#8221;off&#8221; show_categories=&#8221;off&#8221; _builder_version=&#8221;4.22.1&#8243; _module_preset=&#8221;default&#8221; global_colors_info=&#8221;{}&#8221;][\/et_pb_blog][\/et_pb_column][\/et_pb_row][\/et_pb_section]<\/p>\n","protected":false},"excerpt":{"rendered":"<p>Restaurant 21 Bistro Sea View Lu\u0161tica Bay Resv +38269234567Restaurant 21 Bistro Sea View Lu\u0161tica Bay Resv +38269234567 The Restaurant 21 Bistro Sea View Lustica Bay is located in Lu\u0161tica Development Project what is going to be the New City on the coastal area of Montenegro . Lustica Bay or Lustica Development\u00a0 is Egyptian investment and [&hellip;]<\/p>\n","protected":false},"author":2,"featured_media":16185,"parent":0,"menu_order":0,"comment_status":"closed","ping_status":"closed","template":"","meta":{"_et_pb_use_builder":"on","_et_pb_old_content":"","_et_gb_content_width":"","footnotes":""},"class_list":["post-16179","page","type-page","status-publish","has-post-thumbnail","hentry"],"yoast_head":"<!-- This site is optimized with the Yoast SEO plugin v27.4 - https:\/\/yoast.com\/product\/yoast-seo-wordpress\/ -->\n<title>Highly recommend restaurant 21 Bistor Seaview | Vip travel Montenegro<\/title>\n<meta name=\"description\" content=\"On Lusitca peninsula Lustica Bay village Highly recommend restaurant 21 Bistor SeaView the dishes is absolutely delicious and view is amazing\" \/>\n<meta name=\"robots\" content=\"index, follow, max-snippet:-1, max-image-preview:large, max-video-preview:-1\" \/>\n<link rel=\"canonical\" href=\"https:\/\/viptourmontenegro.com\/he\/highly-recommend-restaurant-21-bistor-seaview\/\" \/>\n<meta property=\"og:locale\" content=\"he_IL\" \/>\n<meta property=\"og:type\" content=\"article\" \/>\n<meta property=\"og:title\" content=\"Highly recommend restaurant 21 Bistor Seaview | Vip travel Montenegro\" \/>\n<meta property=\"og:description\" content=\"On Lusitca peninsula Lustica Bay village Highly recommend restaurant 21 Bistor SeaView the dishes is absolutely delicious and view is amazing\" \/>\n<meta property=\"og:url\" content=\"https:\/\/viptourmontenegro.com\/he\/highly-recommend-restaurant-21-bistor-seaview\/\" \/>\n<meta property=\"og:site_name\" content=\"Vip travel Montenegro\" \/>\n<meta property=\"article:publisher\" content=\"https:\/\/www.facebook.com\/groups\/832543628526560\" \/>\n<meta property=\"article:modified_time\" content=\"2026-02-03T08:41:17+00:00\" \/>\n<meta property=\"og:image\" content=\"https:\/\/viptourmontenegro.com\/wp-content\/uploads\/2023\/12\/21-Urban-Bistro.jpg\" \/>\n\t<meta property=\"og:image:width\" content=\"1536\" \/>\n\t<meta property=\"og:image:height\" content=\"2048\" \/>\n\t<meta property=\"og:image:type\" content=\"image\/jpeg\" \/>\n<meta name=\"twitter:card\" content=\"summary_large_image\" \/>\n<meta name=\"twitter:label1\" content=\"\u05d6\u05de\u05df \u05e7\u05e8\u05d9\u05d0\u05d4 \u05de\u05d5\u05e2\u05e8\u05da\" \/>\n\t<meta name=\"twitter:data1\" content=\"18 \u05d3\u05e7\u05d5\u05ea\" \/>\n<script type=\"application\/ld+json\" class=\"yoast-schema-graph\">{\"@context\":\"https:\\\/\\\/schema.org\",\"@graph\":[{\"@type\":\"WebPage\",\"@id\":\"https:\\\/\\\/viptourmontenegro.com\\\/highly-recommend-restaurant-21-bistor-seaview\\\/\",\"url\":\"https:\\\/\\\/viptourmontenegro.com\\\/highly-recommend-restaurant-21-bistor-seaview\\\/\",\"name\":\"Highly recommend restaurant 21 Bistor Seaview | Vip travel Montenegro\",\"isPartOf\":{\"@id\":\"https:\\\/\\\/viptourmontenegro.com\\\/#website\"},\"primaryImageOfPage\":{\"@id\":\"https:\\\/\\\/viptourmontenegro.com\\\/highly-recommend-restaurant-21-bistor-seaview\\\/#primaryimage\"},\"image\":{\"@id\":\"https:\\\/\\\/viptourmontenegro.com\\\/highly-recommend-restaurant-21-bistor-seaview\\\/#primaryimage\"},\"thumbnailUrl\":\"https:\\\/\\\/viptourmontenegro.com\\\/wp-content\\\/uploads\\\/2023\\\/12\\\/21-Urban-Bistro.jpg\",\"datePublished\":\"2023-12-30T11:34:27+00:00\",\"dateModified\":\"2026-02-03T08:41:17+00:00\",\"description\":\"On Lusitca peninsula Lustica Bay village Highly recommend restaurant 21 Bistor SeaView the dishes is absolutely delicious and view is amazing\",\"breadcrumb\":{\"@id\":\"https:\\\/\\\/viptourmontenegro.com\\\/highly-recommend-restaurant-21-bistor-seaview\\\/#breadcrumb\"},\"inLanguage\":\"he-IL\",\"potentialAction\":[{\"@type\":\"ReadAction\",\"target\":[\"https:\\\/\\\/viptourmontenegro.com\\\/highly-recommend-restaurant-21-bistor-seaview\\\/\"]}]},{\"@type\":\"ImageObject\",\"inLanguage\":\"he-IL\",\"@id\":\"https:\\\/\\\/viptourmontenegro.com\\\/highly-recommend-restaurant-21-bistor-seaview\\\/#primaryimage\",\"url\":\"https:\\\/\\\/viptourmontenegro.com\\\/wp-content\\\/uploads\\\/2023\\\/12\\\/21-Urban-Bistro.jpg\",\"contentUrl\":\"https:\\\/\\\/viptourmontenegro.com\\\/wp-content\\\/uploads\\\/2023\\\/12\\\/21-Urban-Bistro.jpg\",\"width\":1536,\"height\":2048},{\"@type\":\"BreadcrumbList\",\"@id\":\"https:\\\/\\\/viptourmontenegro.com\\\/highly-recommend-restaurant-21-bistor-seaview\\\/#breadcrumb\",\"itemListElement\":[{\"@type\":\"ListItem\",\"position\":1,\"name\":\"Home\",\"item\":\"https:\\\/\\\/viptourmontenegro.com\\\/\"},{\"@type\":\"ListItem\",\"position\":2,\"name\":\"Highly recommend restaurant 21 Bistor Seaview\"}]},{\"@type\":\"WebSite\",\"@id\":\"https:\\\/\\\/viptourmontenegro.com\\\/#website\",\"url\":\"https:\\\/\\\/viptourmontenegro.com\\\/\",\"name\":\"Vip travel Montenegro\",\"description\":\"\",\"publisher\":{\"@id\":\"https:\\\/\\\/viptourmontenegro.com\\\/#organization\"},\"potentialAction\":[{\"@type\":\"SearchAction\",\"target\":{\"@type\":\"EntryPoint\",\"urlTemplate\":\"https:\\\/\\\/viptourmontenegro.com\\\/?s={search_term_string}\"},\"query-input\":{\"@type\":\"PropertyValueSpecification\",\"valueRequired\":true,\"valueName\":\"search_term_string\"}}],\"inLanguage\":\"he-IL\"},{\"@type\":\"Organization\",\"@id\":\"https:\\\/\\\/viptourmontenegro.com\\\/#organization\",\"name\":\"Vip travel Montenegro\",\"url\":\"https:\\\/\\\/viptourmontenegro.com\\\/\",\"logo\":{\"@type\":\"ImageObject\",\"inLanguage\":\"he-IL\",\"@id\":\"https:\\\/\\\/viptourmontenegro.com\\\/#\\\/schema\\\/logo\\\/image\\\/\",\"url\":\"https:\\\/\\\/viptourmontenegro.com\\\/wp-content\\\/uploads\\\/2023\\\/08\\\/3-8e758e3e-af3d-416d-aded-1db3faffce29-512x512.jpg\",\"contentUrl\":\"https:\\\/\\\/viptourmontenegro.com\\\/wp-content\\\/uploads\\\/2023\\\/08\\\/3-8e758e3e-af3d-416d-aded-1db3faffce29-512x512.jpg\",\"width\":512,\"height\":512,\"caption\":\"Vip travel Montenegro\"},\"image\":{\"@id\":\"https:\\\/\\\/viptourmontenegro.com\\\/#\\\/schema\\\/logo\\\/image\\\/\"},\"sameAs\":[\"https:\\\/\\\/www.facebook.com\\\/groups\\\/832543628526560\"]}]}<\/script>\n<!-- \/ Yoast SEO plugin. -->","yoast_head_json":{"title":"Highly recommend restaurant 21 Bistor Seaview | Vip travel Montenegro","description":"On Lusitca peninsula Lustica Bay village Highly recommend restaurant 21 Bistor SeaView the dishes is absolutely delicious and view is amazing","robots":{"index":"index","follow":"follow","max-snippet":"max-snippet:-1","max-image-preview":"max-image-preview:large","max-video-preview":"max-video-preview:-1"},"canonical":"https:\/\/viptourmontenegro.com\/he\/highly-recommend-restaurant-21-bistor-seaview\/","og_locale":"he_IL","og_type":"article","og_title":"Highly recommend restaurant 21 Bistor Seaview | Vip travel Montenegro","og_description":"On Lusitca peninsula Lustica Bay village Highly recommend restaurant 21 Bistor SeaView the dishes is absolutely delicious and view is amazing","og_url":"https:\/\/viptourmontenegro.com\/he\/highly-recommend-restaurant-21-bistor-seaview\/","og_site_name":"Vip travel Montenegro","article_publisher":"https:\/\/www.facebook.com\/groups\/832543628526560","article_modified_time":"2026-02-03T08:41:17+00:00","og_image":[{"width":1536,"height":2048,"url":"https:\/\/viptourmontenegro.com\/wp-content\/uploads\/2023\/12\/21-Urban-Bistro.jpg","type":"image\/jpeg"}],"twitter_card":"summary_large_image","twitter_misc":{"\u05d6\u05de\u05df \u05e7\u05e8\u05d9\u05d0\u05d4 \u05de\u05d5\u05e2\u05e8\u05da":"18 \u05d3\u05e7\u05d5\u05ea"},"schema":{"@context":"https:\/\/schema.org","@graph":[{"@type":"WebPage","@id":"https:\/\/viptourmontenegro.com\/highly-recommend-restaurant-21-bistor-seaview\/","url":"https:\/\/viptourmontenegro.com\/highly-recommend-restaurant-21-bistor-seaview\/","name":"Highly recommend restaurant 21 Bistor Seaview | Vip travel Montenegro","isPartOf":{"@id":"https:\/\/viptourmontenegro.com\/#website"},"primaryImageOfPage":{"@id":"https:\/\/viptourmontenegro.com\/highly-recommend-restaurant-21-bistor-seaview\/#primaryimage"},"image":{"@id":"https:\/\/viptourmontenegro.com\/highly-recommend-restaurant-21-bistor-seaview\/#primaryimage"},"thumbnailUrl":"https:\/\/viptourmontenegro.com\/wp-content\/uploads\/2023\/12\/21-Urban-Bistro.jpg","datePublished":"2023-12-30T11:34:27+00:00","dateModified":"2026-02-03T08:41:17+00:00","description":"On Lusitca peninsula Lustica Bay village Highly recommend restaurant 21 Bistor SeaView the dishes is absolutely delicious and view is amazing","breadcrumb":{"@id":"https:\/\/viptourmontenegro.com\/highly-recommend-restaurant-21-bistor-seaview\/#breadcrumb"},"inLanguage":"he-IL","potentialAction":[{"@type":"ReadAction","target":["https:\/\/viptourmontenegro.com\/highly-recommend-restaurant-21-bistor-seaview\/"]}]},{"@type":"ImageObject","inLanguage":"he-IL","@id":"https:\/\/viptourmontenegro.com\/highly-recommend-restaurant-21-bistor-seaview\/#primaryimage","url":"https:\/\/viptourmontenegro.com\/wp-content\/uploads\/2023\/12\/21-Urban-Bistro.jpg","contentUrl":"https:\/\/viptourmontenegro.com\/wp-content\/uploads\/2023\/12\/21-Urban-Bistro.jpg","width":1536,"height":2048},{"@type":"BreadcrumbList","@id":"https:\/\/viptourmontenegro.com\/highly-recommend-restaurant-21-bistor-seaview\/#breadcrumb","itemListElement":[{"@type":"ListItem","position":1,"name":"Home","item":"https:\/\/viptourmontenegro.com\/"},{"@type":"ListItem","position":2,"name":"Highly recommend restaurant 21 Bistor Seaview"}]},{"@type":"WebSite","@id":"https:\/\/viptourmontenegro.com\/#website","url":"https:\/\/viptourmontenegro.com\/","name":"Vip travel Montenegro","description":"","publisher":{"@id":"https:\/\/viptourmontenegro.com\/#organization"},"potentialAction":[{"@type":"SearchAction","target":{"@type":"EntryPoint","urlTemplate":"https:\/\/viptourmontenegro.com\/?s={search_term_string}"},"query-input":{"@type":"PropertyValueSpecification","valueRequired":true,"valueName":"search_term_string"}}],"inLanguage":"he-IL"},{"@type":"Organization","@id":"https:\/\/viptourmontenegro.com\/#organization","name":"Vip travel Montenegro","url":"https:\/\/viptourmontenegro.com\/","logo":{"@type":"ImageObject","inLanguage":"he-IL","@id":"https:\/\/viptourmontenegro.com\/#\/schema\/logo\/image\/","url":"https:\/\/viptourmontenegro.com\/wp-content\/uploads\/2023\/08\/3-8e758e3e-af3d-416d-aded-1db3faffce29-512x512.jpg","contentUrl":"https:\/\/viptourmontenegro.com\/wp-content\/uploads\/2023\/08\/3-8e758e3e-af3d-416d-aded-1db3faffce29-512x512.jpg","width":512,"height":512,"caption":"Vip travel Montenegro"},"image":{"@id":"https:\/\/viptourmontenegro.com\/#\/schema\/logo\/image\/"},"sameAs":["https:\/\/www.facebook.com\/groups\/832543628526560"]}]}},"_links":{"self":[{"href":"https:\/\/viptourmontenegro.com\/he\/wp-json\/wp\/v2\/pages\/16179","targetHints":{"allow":["GET"]}}],"collection":[{"href":"https:\/\/viptourmontenegro.com\/he\/wp-json\/wp\/v2\/pages"}],"about":[{"href":"https:\/\/viptourmontenegro.com\/he\/wp-json\/wp\/v2\/types\/page"}],"author":[{"embeddable":true,"href":"https:\/\/viptourmontenegro.com\/he\/wp-json\/wp\/v2\/users\/2"}],"replies":[{"embeddable":true,"href":"https:\/\/viptourmontenegro.com\/he\/wp-json\/wp\/v2\/comments?post=16179"}],"version-history":[{"count":0,"href":"https:\/\/viptourmontenegro.com\/he\/wp-json\/wp\/v2\/pages\/16179\/revisions"}],"wp:featuredmedia":[{"embeddable":true,"href":"https:\/\/viptourmontenegro.com\/he\/wp-json\/wp\/v2\/media\/16185"}],"wp:attachment":[{"href":"https:\/\/viptourmontenegro.com\/he\/wp-json\/wp\/v2\/media?parent=16179"}],"curies":[{"name":"wp","href":"https:\/\/api.w.org\/{rel}","templated":true}]}}